{"id":59,"date":"2014-06-27T20:03:42","date_gmt":"2014-06-27T20:03:42","guid":{"rendered":"http:\/\/www.valedasarvinda.pt\/?page_id=59"},"modified":"2023-08-13T17:02:57","modified_gmt":"2023-08-13T17:02:57","slug":"energia","status":"publish","type":"page","link":"https:\/\/www.valedasarvinda.pt\/?page_id=59","title":{"rendered":"Energia e \u00c1gua"},"content":{"rendered":"<p style=\"color: #555555;\">Somos\u00a0<strong>totalmente aut\u00f3nomos<\/strong>\u00a0do ponto de vista energ\u00e9tico.<\/p>\n<p style=\"color: #555555;\">Para isso recorremos a 2 fontes de energia:<\/p>\n<p style=\"color: #555555;\">&#8211; Solar<\/p>\n<p style=\"color: #555555;\">&#8211; Biomassa<\/p>\n<p style=\"color: #555555;\">A fonte Solar ter\u00e1 o objectivo de fornecer toda a energia el\u00e9ctrica do sistema, assim como ser\u00e1 o primeiro sistema de aquecimento de \u00e1guas.<\/p>\n<p style=\"color: #555555;\">A Biomassa \u2013 baga\u00e7o de azeitona e lenha \u2013 ser\u00e1 o complemento de aquecimento de \u00e1guas, e tamb\u00e9m a \u00fanica fonte de energia para confec\u00e7\u00e3o de alimentos.<\/p>\n","protected":false},"excerpt":{"rendered":"<p>Somos\u00a0totalmente aut\u00f3nomos\u00a0do ponto de vista energ\u00e9tico. Para isso recorremos a 2 fontes de energia: &#8211; Solar &#8211; Biomassa A fonte Solar ter\u00e1 o objectivo de fornecer toda a energia el\u00e9ctrica do sistema, assim como ser\u00e1 o primeiro sistema de aquecimento de \u00e1guas. A Biomassa \u2013 baga\u00e7o de azeitona e lenha \u2013 ser\u00e1 o complemento de [&hellip;]<\/p>\n","protected":false},"author":2,"featured_media":0,"parent":0,"menu_order":0,"comment_status":"closed","ping_status":"closed","template":"","meta":{"footnotes":""},"class_list":["post-59","page","type-page","status-publish","hentry"],"_links":{"self":[{"href":"https:\/\/www.valedasarvinda.pt\/index.php?rest_route=\/wp\/v2\/pages\/59","targetHints":{"allow":["GET"]}}],"collection":[{"href":"https:\/\/www.valedasarvinda.pt\/index.php?rest_route=\/wp\/v2\/pages"}],"about":[{"href":"https:\/\/www.valedasarvinda.pt\/index.php?rest_route=\/wp\/v2\/types\/page"}],"author":[{"embeddable":true,"href":"https:\/\/www.valedasarvinda.pt\/index.php?rest_route=\/wp\/v2\/users\/2"}],"replies":[{"embeddable":true,"href":"https:\/\/www.valedasarvinda.pt\/index.php?rest_route=%2Fwp%2Fv2%2Fcomments&post=59"}],"version-history":[{"count":4,"href":"https:\/\/www.valedasarvinda.pt\/index.php?rest_route=\/wp\/v2\/pages\/59\/revisions"}],"predecessor-version":[{"id":3791,"href":"https:\/\/www.valedasarvinda.pt\/index.php?rest_route=\/wp\/v2\/pages\/59\/revisions\/3791"}],"wp:attachment":[{"href":"https:\/\/www.valedasarvinda.pt\/index.php?rest_route=%2Fwp%2Fv2%2Fmedia&parent=59"}],"curies":[{"name":"wp","href":"https:\/\/api.w.org\/{rel}","templated":true}]}}