{"id":53,"date":"2014-06-27T20:02:41","date_gmt":"2014-06-27T20:02:41","guid":{"rendered":"http:\/\/www.valedasarvinda.pt\/?page_id=53"},"modified":"2017-09-17T21:02:57","modified_gmt":"2017-09-17T21:02:57","slug":"eventos-sarvinda","status":"publish","type":"page","link":"https:\/\/www.valedasarvinda.pt\/?page_id=53","title":{"rendered":"Eventos"},"content":{"rendered":"<p style=\"color: #555555;\">Recorde-se que a propriedade insere-se no Parque Natural do Tejo Internacional e do Geopark da Naturtejo (patrim\u00f3nio classificado pela UNESCO).<\/p>\n<p style=\"color: #555555;\">Existe uma procura crescente de actividades nesta regi\u00e3o. A oferta de s\u00edtios de interesse \u00e9 enorme: fauna (muitas esp\u00e9cies raras e amea\u00e7adas), flora, monumentos geol\u00f3gicos, e ainda zonas de descanso e lazer.<\/p>\n<p style=\"color: #555555;\">A anima\u00e7\u00e3o tur\u00edstica \u00e9 um \u00f3ptimo complemento \u00e0 oferta de TER. Com um baixo n\u00edvel de investimento consegue-se diversificar o n\u00edvel de servi\u00e7os a disponibilizar a quem visita o espa\u00e7o.<\/p>\n<p style=\"color: #555555;\">O objectivo \u00e9 ter uma oferta direccionada para p\u00fablicos alvo (<em>birdwatching<\/em>), como para um p\u00fablico mais generalista (caminhadas, BTT etc).<\/p>\n<p style=\"color: #555555;\">Uma vez que a capacidade de camas \u00e9 elevada para a regi\u00e3o faz sentido enquadrar a gest\u00e3o aut\u00f3noma deste tipo de servi\u00e7os. No entanto, e especialmente numa primeira fase, alguns destes servi\u00e7os poder\u00e3o ser exercidos em regime de subcontrata\u00e7\u00e3o, desde as actividades fora da quinta como por exemplo col\u00f3nias de f\u00e9rias dentro do espa\u00e7o.<\/p>\n<p>Outdoor<\/p>\n<p>Birdwatching<br \/>\nCaminhadas (colocar percursos)<br \/>\nCanoagem<\/p>\n<p>Indoor<\/p>\n<p>a) Cursos e cl\u00ednicas: Permacultura, Aromaterapia, Sab\u00f5es etc<\/p>\n<p>b) Casas de artistas<\/p>\n<p>\u2013 aulas\/cursos de artes e of\u00edcios<\/p>\n<p>\u2013 projec\u00e7\u00f5es de v\u00eddeos<\/p>\n<p>c) Confer\u00eancias\/reuni\u00f5es<\/p>\n<p>d) Massagens, Consultas, Yoga, Medita\u00e7\u00e3o<\/p>\n","protected":false},"excerpt":{"rendered":"<p>Recorde-se que a propriedade insere-se no Parque Natural do Tejo Internacional e do Geopark da Naturtejo (patrim\u00f3nio classificado pela UNESCO). Existe uma procura crescente de actividades nesta regi\u00e3o. A oferta de s\u00edtios de interesse \u00e9 enorme: fauna (muitas esp\u00e9cies raras e amea\u00e7adas), flora, monumentos geol\u00f3gicos, e ainda zonas de descanso e lazer. A anima\u00e7\u00e3o tur\u00edstica [&hellip;]<\/p>\n","protected":false},"author":1,"featured_media":0,"parent":0,"menu_order":0,"comment_status":"closed","ping_status":"closed","template":"page-templates\/blog-listing2.php","meta":{"footnotes":""},"class_list":["post-53","page","type-page","status-publish","hentry"],"_links":{"self":[{"href":"https:\/\/www.valedasarvinda.pt\/index.php?rest_route=\/wp\/v2\/pages\/53","targetHints":{"allow":["GET"]}}],"collection":[{"href":"https:\/\/www.valedasarvinda.pt\/index.php?rest_route=\/wp\/v2\/pages"}],"about":[{"href":"https:\/\/www.valedasarvinda.pt\/index.php?rest_route=\/wp\/v2\/types\/page"}],"author":[{"embeddable":true,"href":"https:\/\/www.valedasarvinda.pt\/index.php?rest_route=\/wp\/v2\/users\/1"}],"replies":[{"embeddable":true,"href":"https:\/\/www.valedasarvinda.pt\/index.php?rest_route=%2Fwp%2Fv2%2Fcomments&post=53"}],"version-history":[{"count":6,"href":"https:\/\/www.valedasarvinda.pt\/index.php?rest_route=\/wp\/v2\/pages\/53\/revisions"}],"predecessor-version":[{"id":3921,"href":"https:\/\/www.valedasarvinda.pt\/index.php?rest_route=\/wp\/v2\/pages\/53\/revisions\/3921"}],"wp:attachment":[{"href":"https:\/\/www.valedasarvinda.pt\/index.php?rest_route=%2Fwp%2Fv2%2Fmedia&parent=53"}],"curies":[{"name":"wp","href":"https:\/\/api.w.org\/{rel}","templated":true}]}}