{"id":51,"date":"2014-06-27T20:04:26","date_gmt":"2014-06-27T20:04:26","guid":{"rendered":"http:\/\/www.valedasarvinda.pt\/?page_id=51"},"modified":"2017-09-15T19:03:50","modified_gmt":"2017-09-15T19:03:50","slug":"parque-campismo-13-luas","status":"publish","type":"page","link":"https:\/\/www.valedasarvinda.pt\/?page_id=51","title":{"rendered":"Parque campismo 13 Luas"},"content":{"rendered":"<p style=\"color: #555555;\">Constitu\u00eddo por:<\/p>\n<p style=\"color: #555555;\"><strong>a) constru\u00e7\u00f5es de terra\/pedra\/madeira para dormida<\/strong><\/p>\n<p style=\"color: #555555;\">&#8211; Safurd\u00f5es ou chafurd\u00f5es (casas t\u00edpicas de povos pr\u00e9-romanos da idade do Ferro).<\/p>\n<p style=\"color: #555555;\">&#8211; Chossas (pequenos abrigos tempor\u00e1rios de pastores)<\/p>\n<p style=\"color: #555555;\">&#8211; camarata<\/p>\n<p style=\"color: #555555;\">Com capacidade para v\u00e1rias dezenas de camas. Estas infraestruturas servir\u00e3o como oferta tur\u00edstica de baixo custo e tamb\u00e9m como apoio \u00e0 m\u00e3o de obra contratada aquando a colheita ou poda.<\/p>\n<p style=\"color: #555555;\"><strong>b) zonas de servi\u00e7os de terra\/pedra\/madeira<\/strong><\/p>\n<p style=\"color: #555555;\">&#8211; recep\u00e7\u00e3o\/loja artigos essenciais<\/p>\n<p style=\"color: #555555;\">&#8211; duches e casas de banho<\/p>\n<p style=\"color: #555555;\"><strong>c) zona de tendas<\/strong><\/p>\n<p style=\"color: #555555;\"><strong>d) barragem \u2013 espelho de \u00e1gua com cerca de 5000m2<\/strong><\/p>\n<p style=\"color: #555555;\">A barragem a construir neste local teria v\u00e1rias utiliza\u00e7\u00f5es:<\/p>\n<p style=\"color: #555555;\">&#8211; reserva estrat\u00e9gica de \u00e1gua<\/p>\n<p style=\"color: #555555;\">&#8211; produ\u00e7\u00e3o de energia h\u00eddrica<\/p>\n<p style=\"color: #555555;\">&#8211; diversidade esp\u00e9cies aqu\u00e1ticas<\/p>\n<p style=\"color: #555555;\">&#8211; zona de lazer, nomeadamente atrav\u00e9s da pr\u00e1tica de canoagem<\/p>\n<p style=\"color: #555555;\"><strong>e) zonas de lazer<\/strong><\/p>\n<p style=\"color: #555555;\">&#8211; parque de divers\u00f5es naturais \u2013 manobras de cordas, jogos tradicionais etc<\/p>\n<p style=\"color: #555555;\">&#8211; zona de concertos<\/p>\n<p style=\"color: #555555;\">&#8211; zona de festas ao ar livre<\/p>\n","protected":false},"excerpt":{"rendered":"<p>Constitu\u00eddo por: a) constru\u00e7\u00f5es de terra\/pedra\/madeira para dormida &#8211; Safurd\u00f5es ou chafurd\u00f5es (casas t\u00edpicas de povos pr\u00e9-romanos da idade do Ferro). &#8211; Chossas (pequenos abrigos tempor\u00e1rios de pastores) &#8211; camarata Com capacidade para v\u00e1rias dezenas de camas. Estas infraestruturas servir\u00e3o como oferta tur\u00edstica de baixo custo e tamb\u00e9m como apoio \u00e0 m\u00e3o de obra contratada [&hellip;]<\/p>\n","protected":false},"author":1,"featured_media":0,"parent":0,"menu_order":0,"comment_status":"closed","ping_status":"closed","template":"","meta":{"footnotes":""},"class_list":["post-51","page","type-page","status-publish","hentry"],"_links":{"self":[{"href":"https:\/\/www.valedasarvinda.pt\/index.php?rest_route=\/wp\/v2\/pages\/51","targetHints":{"allow":["GET"]}}],"collection":[{"href":"https:\/\/www.valedasarvinda.pt\/index.php?rest_route=\/wp\/v2\/pages"}],"about":[{"href":"https:\/\/www.valedasarvinda.pt\/index.php?rest_route=\/wp\/v2\/types\/page"}],"author":[{"embeddable":true,"href":"https:\/\/www.valedasarvinda.pt\/index.php?rest_route=\/wp\/v2\/users\/1"}],"replies":[{"embeddable":true,"href":"https:\/\/www.valedasarvinda.pt\/index.php?rest_route=%2Fwp%2Fv2%2Fcomments&post=51"}],"version-history":[{"count":2,"href":"https:\/\/www.valedasarvinda.pt\/index.php?rest_route=\/wp\/v2\/pages\/51\/revisions"}],"predecessor-version":[{"id":3868,"href":"https:\/\/www.valedasarvinda.pt\/index.php?rest_route=\/wp\/v2\/pages\/51\/revisions\/3868"}],"wp:attachment":[{"href":"https:\/\/www.valedasarvinda.pt\/index.php?rest_route=%2Fwp%2Fv2%2Fmedia&parent=51"}],"curies":[{"name":"wp","href":"https:\/\/api.w.org\/{rel}","templated":true}]}}