{"id":48,"date":"2014-06-27T20:03:03","date_gmt":"2014-06-27T20:03:03","guid":{"rendered":"http:\/\/www.valedasarvinda.pt\/?page_id=48"},"modified":"2017-09-15T19:04:53","modified_gmt":"2017-09-15T19:04:53","slug":"casas-de-taipapedra","status":"publish","type":"page","link":"https:\/\/www.valedasarvinda.pt\/?page_id=48","title":{"rendered":"Casas de taipa\/pedra"},"content":{"rendered":"<p style=\"color: #555555;\">Existem actualmente v\u00e1rias constru\u00e7\u00e3o em pedra, taipa e adobe, que se encontram em avan\u00e7ado estado de degrada\u00e7\u00e3o.<\/p>\n<p style=\"color: #555555;\">Essas constru\u00e7\u00f5es dever\u00e3o ser alvo de interven\u00e7\u00f5es profundas e equipadas com toda a tecnologia que permita o conforto das pessoas: isolamento, aquecimento, funcionalidade etc.<\/p>\n<p style=\"color: #555555;\">Nesse processo iremos proceder ao levantamento hist\u00f3rico das t\u00e9cnicas e tipologias construtivas da zona de forma a respeitar-mos a tradi\u00e7\u00e3o.<\/p>\n<p style=\"color: #555555;\">Isso n\u00e3o implica que utilizemos todas as t\u00e9cnicas actuais de forma a proporcionar todo o conforto aos seus ocupantes. No entanto queremos realizar as obras recorrendo sempre que poss\u00edvel a materiais naturais e t\u00e9cnicas que consumam o m\u00ednimo de recursos e energia.<\/p>\n","protected":false},"excerpt":{"rendered":"<p>Existem actualmente v\u00e1rias constru\u00e7\u00e3o em pedra, taipa e adobe, que se encontram em avan\u00e7ado estado de degrada\u00e7\u00e3o. Essas constru\u00e7\u00f5es dever\u00e3o ser alvo de interven\u00e7\u00f5es profundas e equipadas com toda a tecnologia que permita o conforto das pessoas: isolamento, aquecimento, funcionalidade etc. Nesse processo iremos proceder ao levantamento hist\u00f3rico das t\u00e9cnicas e tipologias construtivas da zona [&hellip;]<\/p>\n","protected":false},"author":2,"featured_media":0,"parent":0,"menu_order":0,"comment_status":"closed","ping_status":"closed","template":"","meta":{"footnotes":""},"class_list":["post-48","page","type-page","status-publish","hentry"],"_links":{"self":[{"href":"https:\/\/www.valedasarvinda.pt\/index.php?rest_route=\/wp\/v2\/pages\/48","targetHints":{"allow":["GET"]}}],"collection":[{"href":"https:\/\/www.valedasarvinda.pt\/index.php?rest_route=\/wp\/v2\/pages"}],"about":[{"href":"https:\/\/www.valedasarvinda.pt\/index.php?rest_route=\/wp\/v2\/types\/page"}],"author":[{"embeddable":true,"href":"https:\/\/www.valedasarvinda.pt\/index.php?rest_route=\/wp\/v2\/users\/2"}],"replies":[{"embeddable":true,"href":"https:\/\/www.valedasarvinda.pt\/index.php?rest_route=%2Fwp%2Fv2%2Fcomments&post=48"}],"version-history":[{"count":2,"href":"https:\/\/www.valedasarvinda.pt\/index.php?rest_route=\/wp\/v2\/pages\/48\/revisions"}],"predecessor-version":[{"id":50,"href":"https:\/\/www.valedasarvinda.pt\/index.php?rest_route=\/wp\/v2\/pages\/48\/revisions\/50"}],"wp:attachment":[{"href":"https:\/\/www.valedasarvinda.pt\/index.php?rest_route=%2Fwp%2Fv2%2Fmedia&parent=48"}],"curies":[{"name":"wp","href":"https:\/\/api.w.org\/{rel}","templated":true}]}}