{"id":46,"date":"2014-06-27T20:05:03","date_gmt":"2014-06-27T20:05:03","guid":{"rendered":"http:\/\/www.valedasarvinda.pt\/?page_id=46"},"modified":"2017-09-16T17:30:13","modified_gmt":"2017-09-16T17:30:13","slug":"eco-turismo-espaco-rural","status":"publish","type":"page","link":"https:\/\/www.valedasarvinda.pt\/?page_id=46","title":{"rendered":"Ecoturismo"},"content":{"rendered":"<p style=\"color: #555555;\">Num projecto como este n\u00e3o pode deixar de ser considerado como um complemento importante para a gera\u00e7\u00e3o de receitas. Tamb\u00e9m como uma forma interessante de aumentar a capacidade de albergar pessoas na quinta, quer sejam trabalhadores ou membros da cooperativa usufruindo dos seus benef\u00edcios.<\/p>\n<p style=\"color: #555555;\">Embora muito importante o TER n\u00e3o ter\u00e1 a import\u00e2ncia da componente agr\u00edcola do projecto.<\/p>\n","protected":false},"excerpt":{"rendered":"<p>Num projecto como este n\u00e3o pode deixar de ser considerado como um complemento importante para a gera\u00e7\u00e3o de receitas. Tamb\u00e9m como uma forma interessante de aumentar a capacidade de albergar pessoas na quinta, quer sejam trabalhadores ou membros da cooperativa usufruindo dos seus benef\u00edcios. Embora muito importante o TER n\u00e3o ter\u00e1 a import\u00e2ncia da componente [&hellip;]<\/p>\n","protected":false},"author":2,"featured_media":0,"parent":0,"menu_order":0,"comment_status":"closed","ping_status":"closed","template":"","meta":{"footnotes":""},"class_list":["post-46","page","type-page","status-publish","hentry"],"_links":{"self":[{"href":"https:\/\/www.valedasarvinda.pt\/index.php?rest_route=\/wp\/v2\/pages\/46","targetHints":{"allow":["GET"]}}],"collection":[{"href":"https:\/\/www.valedasarvinda.pt\/index.php?rest_route=\/wp\/v2\/pages"}],"about":[{"href":"https:\/\/www.valedasarvinda.pt\/index.php?rest_route=\/wp\/v2\/types\/page"}],"author":[{"embeddable":true,"href":"https:\/\/www.valedasarvinda.pt\/index.php?rest_route=\/wp\/v2\/users\/2"}],"replies":[{"embeddable":true,"href":"https:\/\/www.valedasarvinda.pt\/index.php?rest_route=%2Fwp%2Fv2%2Fcomments&post=46"}],"version-history":[{"count":5,"href":"https:\/\/www.valedasarvinda.pt\/index.php?rest_route=\/wp\/v2\/pages\/46\/revisions"}],"predecessor-version":[{"id":3891,"href":"https:\/\/www.valedasarvinda.pt\/index.php?rest_route=\/wp\/v2\/pages\/46\/revisions\/3891"}],"wp:attachment":[{"href":"https:\/\/www.valedasarvinda.pt\/index.php?rest_route=%2Fwp%2Fv2%2Fmedia&parent=46"}],"curies":[{"name":"wp","href":"https:\/\/api.w.org\/{rel}","templated":true}]}}