{"id":42,"date":"2014-06-27T20:02:52","date_gmt":"2014-06-27T20:02:52","guid":{"rendered":"http:\/\/www.valedasarvinda.pt\/?page_id=42"},"modified":"2014-06-27T20:02:52","modified_gmt":"2014-06-27T20:02:52","slug":"bagas","status":"publish","type":"page","link":"https:\/\/www.valedasarvinda.pt\/?page_id=42","title":{"rendered":"Bagas"},"content":{"rendered":"<p style=\"color: #555555;\">Bagas, pequenos frutos ou frutos silvestres: mirtilo, groselha, amora e framboesa. S\u00e3o pequenos arbustos at\u00e9 2m de altura, perenes que frutificam no Ver\u00e3o. T\u00eam o seu pico de produ\u00e7\u00e3o a partir dos 5 anos a contar da planta\u00e7\u00e3o.<\/p>\n<p style=\"color: #555555;\">Estas culturas desempenham um papel importante na explora\u00e7\u00e3o agr\u00edcola. Est\u00e3o bem adaptadas \u00e0s condi\u00e7\u00f5es da regi\u00e3o.\u00a0 S\u00e3o tamb\u00e9m importantes no que respeita \u00e0 rentabilidade. Neste momento, existe um escoamento assegurado para mirtilos e groselhas.<\/p>\n<p style=\"color: #555555;\">S\u00e3o planta\u00e7\u00f5es com 2 opera\u00e7\u00f5es anuais: colheita e poda. A colheita \u00e9 bastante exigente em termos de m\u00e3o de obra, podendo chegar at\u00e9 20 pessoas por ha no pico da apanha. O planeamento quer das esp\u00e9cies, e dentro delas, dos cultivares, ser\u00e3o determinantes no sentido de fazer com que a matura\u00e7\u00e3o ocorra no maior espa\u00e7o de tempo poss\u00edvel. O objectivo ser\u00e1 ter o m\u00ednimo n\u00ba de trabalhadores durante o maior per\u00edodo de tempo poss\u00edvel.<\/p>\n<p style=\"color: #555555;\">A diversidade de culturas \u00e9 importante. Quando falamos de diversidade estamos a falar de esp\u00e9cies com semelhan\u00e7as entre elas, como as bagas referidas no in\u00edcio. T\u00eam a vantagem de ter rentabilidades semelhantes, quer ao n\u00edvel da produ\u00e7\u00e3o em valor e quantidade. Essa diversidade ser\u00e1 ainda importante no sentido de diluir o risco econ\u00f3mico da explora\u00e7\u00e3o. Derivado do aumento consider\u00e1vel da produ\u00e7\u00e3o de algumas esp\u00e9cies, como o mirtilo, poder\u00e1 existir alguma baixa de pre\u00e7o derivado do aumento da oferta.<\/p>\n<p style=\"color: #555555;\">A m\u00e9dio\/longo prazo est\u00e1 planeado iniciar-se um novo projecto de transforma\u00e7\u00e3o de fruta. Tamb\u00e9m a\u00ed a possibilidade de existirem 4 culturas distintas, aumentar\u00e1 a capacidade de se introduzir esses artigos no mercado.<\/p>\n<p style=\"color: #555555;\">O facto de serem arbustos, e cultivados num regime mais extensivo, permite que entre linhas de plantas exista um espa\u00e7o maior, de cerca 3m. A dist\u00e2ncia entre plantas na mesma linha mant\u00e9m-se, tal como nas planta\u00e7\u00f5es convencionais, em 1,5m.<\/p>\n<p style=\"color: #555555;\">Este espa\u00e7o permitir\u00e1 cultivar outras plantas, com v\u00e1rios objectivos: melhorar as condi\u00e7\u00f5es do solo (ao n\u00edvel da estrutura e nutrientes), aproveitamento agr\u00edcola: para alimenta\u00e7\u00e3o, como cereais, leguminosas ou mesmo hort\u00edcolas.\u00a0 Poder\u00e3o ser cultivadas outras esp\u00e9cies com valor comercial, como as flores cultivadas ao ar livre ou algumas arom\u00e1ticas.<\/p>\n<p style=\"color: #555555;\">As m\u00e1quinas previstas de se utilizarem no local, tal como os tractores de largura inferiores a 1,2m de largura, poder\u00e3o operar nestes espa\u00e7os, entre linhas.<\/p>\n","protected":false},"excerpt":{"rendered":"<p>Bagas, pequenos frutos ou frutos silvestres: mirtilo, groselha, amora e framboesa. S\u00e3o pequenos arbustos at\u00e9 2m de altura, perenes que frutificam no Ver\u00e3o. T\u00eam o seu pico de produ\u00e7\u00e3o a partir dos 5 anos a contar da planta\u00e7\u00e3o. Estas culturas desempenham um papel importante na explora\u00e7\u00e3o agr\u00edcola. Est\u00e3o bem adaptadas \u00e0s condi\u00e7\u00f5es da regi\u00e3o.\u00a0 S\u00e3o [&hellip;]<\/p>\n","protected":false},"author":2,"featured_media":0,"parent":0,"menu_order":0,"comment_status":"open","ping_status":"open","template":"","meta":{"footnotes":""},"class_list":["post-42","page","type-page","status-publish","hentry"],"_links":{"self":[{"href":"https:\/\/www.valedasarvinda.pt\/index.php?rest_route=\/wp\/v2\/pages\/42","targetHints":{"allow":["GET"]}}],"collection":[{"href":"https:\/\/www.valedasarvinda.pt\/index.php?rest_route=\/wp\/v2\/pages"}],"about":[{"href":"https:\/\/www.valedasarvinda.pt\/index.php?rest_route=\/wp\/v2\/types\/page"}],"author":[{"embeddable":true,"href":"https:\/\/www.valedasarvinda.pt\/index.php?rest_route=\/wp\/v2\/users\/2"}],"replies":[{"embeddable":true,"href":"https:\/\/www.valedasarvinda.pt\/index.php?rest_route=%2Fwp%2Fv2%2Fcomments&post=42"}],"version-history":[{"count":1,"href":"https:\/\/www.valedasarvinda.pt\/index.php?rest_route=\/wp\/v2\/pages\/42\/revisions"}],"predecessor-version":[{"id":43,"href":"https:\/\/www.valedasarvinda.pt\/index.php?rest_route=\/wp\/v2\/pages\/42\/revisions\/43"}],"wp:attachment":[{"href":"https:\/\/www.valedasarvinda.pt\/index.php?rest_route=%2Fwp%2Fv2%2Fmedia&parent=42"}],"curies":[{"name":"wp","href":"https:\/\/api.w.org\/{rel}","templated":true}]}}