{"id":3648,"date":"2017-08-25T18:30:03","date_gmt":"2017-08-25T18:30:03","guid":{"rendered":"http:\/\/www.valedasarvinda.pt\/?page_id=3648"},"modified":"2017-10-22T18:58:19","modified_gmt":"2017-10-22T18:58:19","slug":"home-organic","status":"publish","type":"page","link":"https:\/\/www.valedasarvinda.pt\/","title":{"rendered":"Home Organic &#8211; Sarvinda"},"content":{"rendered":"<section class=\"wpb-content-wrapper\"><p>[vc_row][vc_column][rev_slider_vc alias=&#8221;homepage-sarvinda&#8221;][\/vc_column][\/vc_row][vc_row full_width=&#8221;stretch_row&#8221; css=&#8221;.vc_custom_1503843214109{border-top-width: 1px !important;padding-top: 70px !important;padding-bottom: 75px !important;background-image: url(http:\/\/www.valedasarvinda.pt\/wp-content\/uploads\/2015\/11\/bg-aboutus.jpg?id=2925) !important;background-position: center !important;background-repeat: no-repeat !important;background-size: cover !important;border-top-color: #e5e5e5 !important;border-top-style: solid !important;}&#8221;][vc_column css_animation=&#8221;none&#8221; width=&#8221;1\/3&#8243; animation=&#8221;rda_fadeIn&#8221; offset=&#8221;vc_col-lg-4 vc_col-md-4&#8243;][vc_custom_heading text=&#8221;O Projecto&#8221; font_container=&#8221;tag:h2|font_size:45px|text_align:left|color:%23303030|line_height:48px&#8221; use_theme_fonts=&#8221;yes&#8221; cms_custom_font_family=&#8221;custom-font-3&#8243; letter_spacing=&#8221;0.035em&#8221; css=&#8221;.vc_custom_1503842907403{padding-bottom: 7px !important;}&#8221;][vc_separator color=&#8221;custom&#8221; align=&#8221;align_left&#8221; el_width=&#8221;90&#8243; accent_color=&#8221;#d5d5d5&#8243; css=&#8221;.vc_custom_1503842505929{margin-top: 7px !important;}&#8221;][vc_custom_heading text=&#8221;No Vale da Sarvinda produzimos energia, gerimos cuidadosamente as reservas de \u00e1gua e cultivamos os melhores produtos biol\u00f3gicos de forma sustentada.&#8221; font_container=&#8221;tag:h2|font_size:14px|text_align:justify|color:%23212121|line_height:32px&#8221; google_fonts=&#8221;font_family:PT%20Sans%3Aregular%2Citalic%2C700%2C700italic|font_style:400%20italic%3A400%3Aitalic&#8221; css=&#8221;.vc_custom_1508695791260{padding-right: 50px !important;}&#8221;][cms_button button_text=&#8221;Venha conhecer-nos&#8221; link_button=&#8221;url:http%3A%2F%2Fwww.valedasarvinda.pt%2F%3Fpage_id%3D17|||&#8221; button_size=&#8221;btn-tiny&#8221;][\/vc_column][vc_column width=&#8221;1\/3&#8243; css=&#8221;.vc_custom_1503842105286{padding-top: 46px !important;}&#8221; offset=&#8221;vc_col-lg-4 vc_col-md-4&#8243;][cms_fancybox_single title_item=&#8221;Agricultura&#8221; button_link=&#8221;http:\/\/www.valedasarvinda.pt\/?page_id=38&#8243; cms_template=&#8221;cms_fancybox_single&#8211;layout8.php&#8221; image=&#8221;2883&#8243; description_item=&#8221;Produ\u00e7\u00e3o Biol\u00f3gica&#8221;][\/vc_column][vc_column width=&#8221;1\/3&#8243; css=&#8221;.vc_custom_1503842144526{padding-top: 46px !important;}&#8221; offset=&#8221;vc_col-lg-4 vc_col-md-4&#8243;][cms_fancybox_single title_item=&#8221;Sustentabilidade&#8221; button_link=&#8221;http:\/\/www.valedasarvinda.pt\/?page_id=59&#8243; cms_template=&#8221;cms_fancybox_single&#8211;layout8.php&#8221; image=&#8221;3668&#8243; description_item=&#8221;Energia e \u00c1gua&#8221;][\/vc_column][\/vc_row][vc_row full_width=&#8221;stretch_row&#8221; parallax=&#8221;content-moving&#8221; parallax_image=&#8221;3678&#8243; parallax_speed_bg=&#8221;1&#8243; css=&#8221;.vc_custom_1503848736395{padding-top: 85px !important;padding-bottom: 86px !important;background-image: url(http:\/\/dev.joomexp.com\/wordpress\/wp-organic2\/wp-content\/uploads\/2016\/05\/newletter2.jpg?id=2027) !important;background-position: 0 0;background-repeat: no-repeat !important;}&#8221;][vc_column width=&#8221;1\/2&#8243;][vc_custom_heading text=&#8221;As novidades!&#8221; font_container=&#8221;tag:h3|font_size:55px|text_align:left|color:%23ffffff|line_height:1&#8243; use_theme_fonts=&#8221;yes&#8221; cms_custom_font_family=&#8221;custom-font-3&#8243; letter_spacing=&#8221;0.055em&#8221;][vc_custom_heading text=&#8221;Acompanhem os \u00faltimos produtos frescos que temos dispon\u00edveis e fiquem a par dos eventos que organizamos. Subscrevam!&#8221; font_container=&#8221;tag:div|font_size:15px|text_align:left|color:%23ffffff|line_height:30px&#8221; use_theme_fonts=&#8221;yes&#8221; cms_custom_font_family=&#8221;custom-font-6&#8243;][vc_empty_space height=&#8221;16px&#8221;][\/vc_column][vc_column width=&#8221;1\/2&#8243;][vc_empty_space height=&#8221;40px&#8221;][vc_widget_sidebar el_class=&#8221;style3&#8243; sidebar_id=&#8221;newsletter-widget-area&#8221;][\/vc_column][\/vc_row][vc_row full_width=&#8221;stretch_row&#8221; css=&#8221;.vc_custom_1503847071327{background-image: url(http:\/\/www.valedasarvinda.pt\/wp-content\/uploads\/2016\/05\/images-overlay.png?id=1793) !important;background-position: center !important;background-repeat: no-repeat !important;background-size: cover !important;}&#8221;][vc_column animation=&#8221;rda_fadeInDown&#8221; text_align=&#8221;center&#8221;][vc_empty_space height=&#8221;45px&#8221;][cms_heading hd_title=&#8221;A nossa loja&#8221; hd_description=&#8221;Na nossa loja podem encomendar os nossos produtos biol\u00f3gicos para entrega directa em qualquer ponto do pa\u00eds. Cogumelos, fruta, desidratados ou frescos &#8211; produtos do Vale da Sarvinda e de outros produtores da regi\u00e3o.&#8221; hd_subtitle_padding=&#8221;49px&#8221; cms_template=&#8221;cms_heading&#8211;layout2.php&#8221; subtitle_bottom=&#8221;53px&#8221;][vc_empty_space height=&#8221;45px&#8221;][cms_button button_text=&#8221;Entrar&#8221; link_button=&#8221;url:http%3A%2F%2Fwww.valedasarvinda.pt%2F%3Fpage_id%3D3711|||&#8221; button_size=&#8221;btn-md2&#8243;][\/vc_column][\/vc_row][vc_row full_width=&#8221;stretch_row&#8221; el_class=&#8221;bg-left-top&#8221; css=&#8221;.vc_custom_1463997527905{background-image: url(http:\/\/dev.joomexp.com\/wordpress\/wp-organic2\/wp-content\/uploads\/2016\/05\/product-home4_02.jpg?id=1913) !important;background-position: center !important;background-repeat: no-repeat !important;background-size: cover !important;}&#8221;][vc_column][vc_empty_space][cms_heading hd_title=&#8221;Produtos da Sarvinda&#8221; hd_text_align=&#8221;center&#8221; cms_template=&#8221;cms_heading&#8211;layout3.php&#8221;][cms_grid layout=&#8221;masonry&#8221; col_xs=&#8221;1&#8243; col_sm=&#8221;2&#8243; col_md=&#8221;3&#8243; col_lg=&#8221;3&#8243; cms_template=&#8221;cms_grid&#8211;product-special-offer.php&#8221; source=&#8221;size:6|order_by:date|post_type:product|remove_query:27,26&#8243;][vc_empty_space height=&#8221;120px&#8221;][\/vc_column][\/vc_row][vc_row full_width=&#8221;stretch_row&#8221; css=&#8221;.vc_custom_1466741569594{padding-top: 86px !important;}&#8221;][vc_column width=&#8221;7\/12&#8243; animation=&#8221;rda_tada&#8221;][vc_single_image image=&#8221;1963&#8243; img_size=&#8221;full&#8221; alignment=&#8221;center&#8221;][\/vc_column][vc_column width=&#8221;5\/12&#8243; animation=&#8221;rda_fadeIn&#8221; css=&#8221;.vc_custom_1466741445610{padding-top: 36px !important;padding-bottom: 141px !important;}&#8221;][cms_heading hd_title=&#8221;E que tal receber um cabaz de produtos?&#8221; hd_description=&#8221;Todos os meses pode receber em casa um cabaz de produtos da Sarvinda e de outros produtores biol\u00f3gicos da regi\u00e3o.&#8221; heading_letter_spacing=&#8221;0.035em&#8221; hd_btn_text=&#8221;Saber mais&#8221; hd_btn_link=&#8221;url:http%3A%2F%2Fwww.valedasarvinda.pt%2F%3Fpage_id%3D3729|||&#8221; custom_class=&#8221;&#8221; cms_template=&#8221;cms_heading&#8211;layout4.php&#8221; heading_color=&#8221;#303030&#8243; heading_size=&#8221;45px&#8221; heading_lineheight=&#8221;48px&#8221; desc_color=&#8221;#212121&#8243;][\/vc_column][\/vc_row]<\/p>\n<\/section>","protected":false},"excerpt":{"rendered":"<p>[vc_row][vc_column][rev_slider_vc alias=&#8221;homepage-sarvinda&#8221;][\/vc_column][\/vc_row][vc_row full_width=&#8221;stretch_row&#8221; css=&#8221;.vc_custom_1503843214109{border-top-width: 1px !important;padding-top: 70px !important;padding-bottom: 75px !important;background-image: url(http:\/\/www.valedasarvinda.pt\/wp-content\/uploads\/2015\/11\/bg-aboutus.jpg?id=2925) !important;background-position: center !important;background-repeat: no-repeat !important;background-size: cover !important;border-top-color: #e5e5e5 !important;border-top-style: solid !important;}&#8221;][vc_column css_animation=&#8221;none&#8221; width=&#8221;1\/3&#8243; animation=&#8221;rda_fadeIn&#8221; offset=&#8221;vc_col-lg-4 vc_col-md-4&#8243;][vc_custom_heading text=&#8221;O Projecto&#8221; font_container=&#8221;tag:h2|font_size:45px|text_align:left|color:%23303030|line_height:48px&#8221; use_theme_fonts=&#8221;yes&#8221; cms_custom_font_family=&#8221;custom-font-3&#8243; letter_spacing=&#8221;0.035em&#8221; css=&#8221;.vc_custom_1503842907403{padding-bottom: 7px !important;}&#8221;][vc_separator color=&#8221;custom&#8221; align=&#8221;align_left&#8221; el_width=&#8221;90&#8243; accent_color=&#8221;#d5d5d5&#8243; css=&#8221;.vc_custom_1503842505929{margin-top: 7px !important;}&#8221;][vc_custom_heading text=&#8221;No Vale da Sarvinda produzimos energia, gerimos cuidadosamente as reservas de \u00e1gua [&hellip;]<\/p>\n","protected":false},"author":1,"featured_media":0,"parent":0,"menu_order":0,"comment_status":"closed","ping_status":"closed","template":"","meta":{"footnotes":""},"class_list":["post-3648","page","type-page","status-publish","hentry"],"_links":{"self":[{"href":"https:\/\/www.valedasarvinda.pt\/index.php?rest_route=\/wp\/v2\/pages\/3648","targetHints":{"allow":["GET"]}}],"collection":[{"href":"https:\/\/www.valedasarvinda.pt\/index.php?rest_route=\/wp\/v2\/pages"}],"about":[{"href":"https:\/\/www.valedasarvinda.pt\/index.php?rest_route=\/wp\/v2\/types\/page"}],"author":[{"embeddable":true,"href":"https:\/\/www.valedasarvinda.pt\/index.php?rest_route=\/wp\/v2\/users\/1"}],"replies":[{"embeddable":true,"href":"https:\/\/www.valedasarvinda.pt\/index.php?rest_route=%2Fwp%2Fv2%2Fcomments&post=3648"}],"version-history":[{"count":32,"href":"https:\/\/www.valedasarvinda.pt\/index.php?rest_route=\/wp\/v2\/pages\/3648\/revisions"}],"predecessor-version":[{"id":3951,"href":"https:\/\/www.valedasarvinda.pt\/index.php?rest_route=\/wp\/v2\/pages\/3648\/revisions\/3951"}],"wp:attachment":[{"href":"https:\/\/www.valedasarvinda.pt\/index.php?rest_route=%2Fwp%2Fv2%2Fmedia&parent=3648"}],"curies":[{"name":"wp","href":"https:\/\/api.w.org\/{rel}","templated":true}]}}