{"id":155,"date":"2014-11-24T16:04:15","date_gmt":"2014-11-24T16:04:15","guid":{"rendered":"http:\/\/www.valedasarvinda.pt\/?page_id=155"},"modified":"2017-09-17T20:06:07","modified_gmt":"2017-09-17T20:06:07","slug":"actividades","status":"publish","type":"page","link":"https:\/\/www.valedasarvinda.pt\/?page_id=155","title":{"rendered":"Actividades"},"content":{"rendered":"<p>a) Observa\u00e7\u00e3o de fauna e flora<\/p>\n<p>. observa\u00e7\u00e3o de fauna:<\/p>\n<p>&gt;\u00a0<em>birdwatching\u00a0<\/em>(algumas esp\u00e9cies raras como a cegonha preta e o abelharuco)<\/p>\n<p>&gt; veados, lontras, c\u00e1gados riscados<\/p>\n<p>&#8211; cogumelos<\/p>\n<p>&#8211; flora<\/p>\n<p>b) Caminhadas<\/p>\n<p>c) BTT<\/p>\n<p>d) Escalada<\/p>\n<p>e) Canoagem (60kms de rio naveg\u00e1vel entre o rio P\u00f4nsul e o Tejo)<\/p>\n<p>f) Orienta\u00e7\u00e3o<\/p>\n<p>g) Arborismo<\/p>\n<p>h) Jogos tradicionais<\/p>\n<p>i) Jogos sociais (ca\u00e7a ao tesouro)<\/p>\n","protected":false},"excerpt":{"rendered":"<p>a) Observa\u00e7\u00e3o de fauna e flora . observa\u00e7\u00e3o de fauna: &gt;\u00a0birdwatching\u00a0(algumas esp\u00e9cies raras como a cegonha preta e o abelharuco) &gt; veados, lontras, c\u00e1gados riscados &#8211; cogumelos &#8211; flora b) Caminhadas c) BTT d) Escalada e) Canoagem (60kms de rio naveg\u00e1vel entre o rio P\u00f4nsul e o Tejo) f) Orienta\u00e7\u00e3o g) Arborismo h) Jogos tradicionais [&hellip;]<\/p>\n","protected":false},"author":1,"featured_media":0,"parent":0,"menu_order":0,"comment_status":"closed","ping_status":"closed","template":"","meta":{"footnotes":""},"class_list":["post-155","page","type-page","status-publish","hentry"],"_links":{"self":[{"href":"https:\/\/www.valedasarvinda.pt\/index.php?rest_route=\/wp\/v2\/pages\/155","targetHints":{"allow":["GET"]}}],"collection":[{"href":"https:\/\/www.valedasarvinda.pt\/index.php?rest_route=\/wp\/v2\/pages"}],"about":[{"href":"https:\/\/www.valedasarvinda.pt\/index.php?rest_route=\/wp\/v2\/types\/page"}],"author":[{"embeddable":true,"href":"https:\/\/www.valedasarvinda.pt\/index.php?rest_route=\/wp\/v2\/users\/1"}],"replies":[{"embeddable":true,"href":"https:\/\/www.valedasarvinda.pt\/index.php?rest_route=%2Fwp%2Fv2%2Fcomments&post=155"}],"version-history":[{"count":5,"href":"https:\/\/www.valedasarvinda.pt\/index.php?rest_route=\/wp\/v2\/pages\/155\/revisions"}],"predecessor-version":[{"id":3935,"href":"https:\/\/www.valedasarvinda.pt\/index.php?rest_route=\/wp\/v2\/pages\/155\/revisions\/3935"}],"wp:attachment":[{"href":"https:\/\/www.valedasarvinda.pt\/index.php?rest_route=%2Fwp%2Fv2%2Fmedia&parent=155"}],"curies":[{"name":"wp","href":"https:\/\/api.w.org\/{rel}","templated":true}]}}